{"id":185,"date":"2021-11-13T04:50:17","date_gmt":"2021-11-13T04:50:17","guid":{"rendered":"https:\/\/steamboatsecretsantas.com\/?page_id=185"},"modified":"2025-10-27T20:36:13","modified_gmt":"2025-10-27T20:36:13","slug":"forms","status":"publish","type":"page","link":"https:\/\/steamboatsecretsantas.com\/es\/forms\/","title":{"rendered":"Formularios"},"content":{"rendered":"<p>[et_pb_section fb_built=&#8221;1&#8243; _builder_version=&#8221;4.18.0&#8243; _module_preset=&#8221;default&#8221; global_colors_info=&#8221;{}&#8221;][et_pb_row column_structure=&#8221;1_2,1_2&#8243; _builder_version=&#8221;4.18.0&#8243; _module_preset=&#8221;default&#8221; global_colors_info=&#8221;{}&#8221;][et_pb_column type=&#8221;1_2&#8243; _builder_version=&#8221;4.18.0&#8243; _module_preset=&#8221;default&#8221; global_colors_info=&#8221;{}&#8221;][et_pb_button button_url=&#8221;https:\/\/docs.google.com\/forms\/d\/e\/1FAIpQLSdOn3IhjlzCbGoN7p31lyX8l_fvUot3efFS4bJBvpLlmvSr0Q\/viewform?usp=header&#8221; button_text=&#8221;Recipients Click Here&#8221; button_alignment=&#8221;center&#8221; admin_label=&#8221;Button&#8221; _builder_version=&#8221;4.27.2&#8243; _module_preset=&#8221;default&#8221; custom_button=&#8221;on&#8221; button_text_color=&#8221;#FFFFFF&#8221; button_bg_color=&#8221;#000000&#8243; button_border_radius=&#8221;25px&#8221; button_letter_spacing=&#8221;1px&#8221; button_icon=&#8221;&#x45;||divi||400&#8243; button_icon_color=&#8221;#E02B20&#8243; hover_enabled=&#8221;0&#8243; box_shadow_style=&#8221;preset3&#8243; box_shadow_color=&#8221;#E02B20&#8243; global_colors_info=&#8221;{}&#8221; sticky_enabled=&#8221;0&#8243;][\/et_pb_button][et_pb_divider color=&#8221;#bf331a&#8221; divider_weight=&#8221;2px&#8221; _builder_version=&#8221;4.18.0&#8243; _module_preset=&#8221;default&#8221; global_colors_info=&#8221;{}&#8221;][\/et_pb_divider][et_pb_text _builder_version=&#8221;4.18.0&#8243; _module_preset=&#8221;default&#8221; global_colors_info=&#8221;{}&#8221;]<\/p>\n<p>Thank you for signing up to be a Recipient this holiday season! Click the word \u2018Recipients\u2019 above to fill out a detailed questionnaire. Once you have filled out the questionnaire above, we will match you with a Santa that will be the best fit for your needs.\u00a0\u00a0They will provide you with one gift per family member. We will provide your Santa with your contact information, and they will deliver the gifts to you by December 18th, at the latest. Presents will arrive wrapped and Christmas-ready. Be aware that Santas do not provide money of any kind, only presents. Please make your wishlists reasonable and not high-priced items. Please reference the \u2018Frequently Asked Questions (FAQ)\u2019 tabs at the top of the page if you have questions. If you still have questions\/concerns, please feel free to email us directly at <a href=\"mailto:SteamboatSecretSantas@gmail.com\">SteamboatSecretSantas@gmail.com<\/a>.<\/p>\n<p>&nbsp;<\/p>\n<p>[\/et_pb_text][\/et_pb_column][et_pb_column type=&#8221;1_2&#8243; _builder_version=&#8221;4.18.0&#8243; _module_preset=&#8221;default&#8221; global_colors_info=&#8221;{}&#8221;][et_pb_button button_url=&#8221;https:\/\/docs.google.com\/forms\/d\/e\/1FAIpQLSdaAoOneLB09jHD1L_gzeWNT9yPkAJoxnV5owzNhGhPKJD4wQ\/viewform?usp=header&#8221; button_text=&#8221;Santas Click Here&#8221; button_alignment=&#8221;center&#8221; _builder_version=&#8221;4.27.2&#8243; _module_preset=&#8221;default&#8221; custom_button=&#8221;on&#8221; button_text_color=&#8221;#FFFFFF&#8221; button_bg_color=&#8221;#000000&#8243; button_border_radius=&#8221;25px&#8221; button_letter_spacing=&#8221;1px&#8221; button_icon=&#8221;&#x45;||divi||400&#8243; button_icon_color=&#8221;#E02B20&#8243; hover_enabled=&#8221;0&#8243; box_shadow_style=&#8221;preset3&#8243; box_shadow_color=&#8221;#E02B20&#8243; global_colors_info=&#8221;{}&#8221; sticky_enabled=&#8221;0&#8243;][\/et_pb_button][et_pb_divider color=&#8221;#bf331a&#8221; divider_weight=&#8221;2px&#8221; _builder_version=&#8221;4.18.0&#8243; _module_preset=&#8221;default&#8221; global_colors_info=&#8221;{}&#8221;][\/et_pb_divider][et_pb_text _builder_version=&#8221;4.18.0&#8243; _module_preset=&#8221;default&#8221; global_colors_info=&#8221;{}&#8221;]<\/p>\n<p>Thank you for your generosity! Click on \u2018Santas Click Here\u2019 above to fill out a questionnaire. Once you have completed the form above, we will match you with a Recipient (individual or family). Recipient families are asked to provide a list of multiple gift options for each family member, but they are only expecting to receive one gift for each member of their family. Additional gifts are at your discretion. You will be expected to gift wrap the presents and then deliver them directly to the Recipient. Cutoff for delivery of presents is December 18th.\u00a0\u00a0Please keep this deadline in mind, especially if you order online.\u00a0 Please reference the \u2018Frequently Asked Questions (FAQ)\u2019 tabs at the top of the page if you have questions. If you still have questions\/concerns, please feel free to email us directly at <a href=\"mailto:SteamboatSecretSantas@gmail.com\">SteamboatSecretSantas@gmail.com<\/a>.<\/p>\n<p>&nbsp;<\/p>\n<p>[\/et_pb_text][\/et_pb_column][\/et_pb_row][\/et_pb_section]<\/p>\n","protected":false},"excerpt":{"rendered":"<p>Thank you for signing up to be a Recipient this holiday season! Click the word \u2018Recipients\u2019 above to fill out a detailed questionnaire. Once you have filled out the questionnaire above, we will match you with a Santa that will be the best fit for your needs.\u00a0\u00a0They will provide you with one gift per family [&hellip;]<\/p>\n","protected":false},"author":2,"featured_media":0,"parent":0,"menu_order":0,"comment_status":"closed","ping_status":"closed","template":"template\/page\/fullwidth.php","meta":{"_et_pb_use_builder":"on","_et_pb_old_content":"<div class=\"boldgrid-section\">\r\n<div class=\"container\">\r\n<div class=\"row\" style=\"padding-top: 50px; padding-bottom: 10px;\">\r\n<h3 class=\"\"><\/h3>\r\n<div class=\"col-md-6 col-sm-6 col-xs-12 col-lg-6\">\r\n<p class=\"\" style=\"margin: 0px auto 15px; padding: 2em; width: 78%;\"><a class=\"btn btn-pill btn-large btn-color-5\" href=\"https:\/\/docs.google.com\/forms\/d\/1E4NszrqRU8xTLim2XsW26-_G01jK0Gla7vBgbx8uNUE\/viewform?edit_requested=true\" title=\"Recipients Click Here\">Recipients Click Here<\/a><\/p>\r\n\r\n<div class=\"row bg-editor-hr-wrap\" style=\"margin: 2px; width: auto;\">\r\n<div class=\"col-md-12 col-xs-12 col-sm-12 col-lg-12\">\r\n<div>\r\n<div class=\"bg-hr bg-hr-16\"><\/div>\r\n<\/div>\r\n<\/div>\r\n<\/div>\r\n\u00a0\r\n<h6 style=\"margin-top: -40px; padding: 0em;\" class=\"\"><span>Thank you for signing up to be a Recipient this holiday season! Click the word \u2018Recipients\u2019 above to fill out a detailed questionnaire. Once you have filled out the questionnaire above, we will match you with a Secret Santa that will be the best fit for your needs.\u00a0\u00a0They will provide you with one gift per family member. We will provide your Secret Santa with your contact information, and they will deliver the gifts to you by December 18th, at the latest. Presents will arrive wrapped and Christmas-ready. Be aware that Secret Santas do not provide money of any kind, only presents. Please make your wishlists reasonable and not high-priced items. Please reference the \u2018Frequently Asked Questions (FAQ)\u2019 tabs at the top of the page if you have questions. If you still have questions\/concerns, please feel free to email us directly at <\/span><a href=\"mailto:SteamboatSecretSantas@gmail.com\">SteamboatSecretSantas@gmail.com<\/a><span>.<\/span><\/h6>\r\n\u00a0\r\n\r\n<span style=\"font-weight: 400;\">Gracias por inscribirse para el programa de Steamboat Secret Santas como familia patrocinada.\u00a0 Por favor haga clic en la palabra \u201crecipients\u201dde arriba para llenar un formulario detallado.\u00a0 En cuanto recibamos su formulario completo, encontraremos el mejor Secret Santa (Santa Secreto) de acuerdo a sus necesidades.\u00a0 Su Secret Santa le proporcionar\u00e1 un regalo para cada miembro de su familia.\u00a0 Se entregar\u00e1n los regalos antes del 18 de diciembre, a m\u00e1s tardar.\u00a0 Los regalos llegar\u00e1n envueltos y listos para entregar.\u00a0 Tenga en cuenta que el Santa Secreto no proporciona dinero de ning\u00fan tipo, solo regalos. El Santa Secreto compra solo lo que puede o con lo que se siente c\u00f3modo, por lo que es \u00fatil que usted proporcione muchos art\u00edculos en su lista de deseos para que su Secret Santa tenga bastante para elegir. Por favor no elija art\u00edculos\/ electr\u00f3nicos de alto precio. Favor de referirse a la secci\u00f3n de \u201cpreguntas frecuentes\u201d si tiene alguna pregunta.\u00a0 Si todav\u00eda se encuentra con preguntas, favor m\u00e1ndenos un correo electr\u00f3nico: <\/span><span style=\"font-weight: 400;\">SteamboatSecretSantas@gmail.com<\/span><span style=\"font-weight: 400;\">.\u00a0\u00a0<\/span>\r\n\r\n\u00a0\r\n\r\n<\/div>\r\n<div class=\"col-md-6 col-sm-6 col-xs-12 col-lg-6\">\r\n<div class=\"\">\r\n<p class=\"\" style=\"margin: 0px auto 10px; padding: 2em; width: 78%;\"><a class=\"btn btn-pill btn-large btn-color-5\" href=\"https:\/\/docs.google.com\/forms\/d\/1Xglo-wYA0T8YtRKEGMpeDr55U-8qpLFb2jo-Y1OJgCI\/viewform?edit_requested=true\" title=\"Recipients Click Here\">Secret Santas Click Here<\/a><\/p>\r\n\r\n<div class=\"row bg-editor-hr-wrap\" style=\"margin: -1px; padding: 0em; width: auto;\">\r\n<div class=\"col-md-12 col-xs-12 col-sm-12 col-lg-12\">\r\n<div>\r\n<div class=\"bg-hr bg-hr-16\">\u00a0<\/div>\r\n<div><\/div>\r\n<\/div>\r\n<\/div>\r\n<\/div>\r\n<h6 class=\"\"><span>Thank you for your generosity! Click on \u2018Secret Santas\u2019 above to fill out a questionnaire. Once you have completed the form above, we will match you with a Recipient (individual or family). Recipient families are asked to provide a list of multiple gift options for each family member, but they are only expecting to receive one gift for each member of their family. Additional gifts are at your discretion. You will be expected to gift wrap the presents and then deliver them directly to the Recipient. Cutoff for delivery of presents is December 18th.\u00a0\u00a0Please keep this deadline in mind, especially if you order online.\u00a0 Please reference the \u2018Frequently Asked Questions (FAQ)\u2019 tabs at the top of the page if you have questions. If you still have questions\/concerns, please feel free to email us directly at <\/span><a href=\"mailto:SteamboatSecretSantas@gmail.com\">SteamboatSecretSantas@gmail.com<\/a><span>.<\/span><\/h6>\r\n<div><\/div>\r\n<\/div>\r\n<\/div>\r\n<\/div>\r\n<div class=\"row\" style=\"padding-bottom: 50px; padding-top: 10px; text-align: center;\"><\/div>\r\n<\/div>\r\n<\/div>","_et_gb_content_width":"","bgseo_title":"","bgseo_description":"","bgseo_robots_index":"index","bgseo_robots_follow":"follow","footnotes":""},"class_list":["post-185","page","type-page","status-publish","hentry"],"aioseo_notices":[],"_links":{"self":[{"href":"https:\/\/steamboatsecretsantas.com\/es\/wp-json\/wp\/v2\/pages\/185","targetHints":{"allow":["GET"]}}],"collection":[{"href":"https:\/\/steamboatsecretsantas.com\/es\/wp-json\/wp\/v2\/pages"}],"about":[{"href":"https:\/\/steamboatsecretsantas.com\/es\/wp-json\/wp\/v2\/types\/page"}],"author":[{"embeddable":true,"href":"https:\/\/steamboatsecretsantas.com\/es\/wp-json\/wp\/v2\/users\/2"}],"replies":[{"embeddable":true,"href":"https:\/\/steamboatsecretsantas.com\/es\/wp-json\/wp\/v2\/comments?post=185"}],"version-history":[{"count":23,"href":"https:\/\/steamboatsecretsantas.com\/es\/wp-json\/wp\/v2\/pages\/185\/revisions"}],"predecessor-version":[{"id":637,"href":"https:\/\/steamboatsecretsantas.com\/es\/wp-json\/wp\/v2\/pages\/185\/revisions\/637"}],"wp:attachment":[{"href":"https:\/\/steamboatsecretsantas.com\/es\/wp-json\/wp\/v2\/media?parent=185"}],"curies":[{"name":"wp","href":"https:\/\/api.w.org\/{rel}","templated":true}]}}